{"id":29106,"date":"2022-07-28T16:14:38","date_gmt":"2022-07-28T14:14:38","guid":{"rendered":"https:\/\/terasan.ch\/?post_type=product&#038;p=29106"},"modified":"2022-08-22T16:30:26","modified_gmt":"2022-08-22T14:30:26","slug":"iclean-mini","status":"publish","type":"product","link":"https:\/\/terasan.ch\/de\/produit\/iclean-mini\/","title":{"rendered":"iClean-mini"},"content":{"rendered":"","protected":false},"excerpt":{"rendered":"<div class=\"wpb_text_column wpb_content_element vc_custom_1659096159909\">\n<div class=\"wpb_wrapper\">\n<h4><span style=\"color: #203a82;\"><strong>Le nettoyant naturel le plus puissant<\/strong><\/span><\/h4>\n<p><span style=\"color: #203a82;\">iClean-mini transforme l\u2019eau du robinet en solution d\u2019eau ozon\u00e9e, \u00e0<\/span><span style=\"color: #203a82;\"> chaque pulv\u00e9risation, les \u00e9lectrodes \u00e0 rev\u00eatement de diamant iClean mini\u2122 cr\u00e9ent instantan\u00e9ment une solution d\u2019eau ozon\u00e9e sans danger pour les personnes et les surfaces, mais efficace contre la salet\u00e9 et les odeurs.<\/span><\/p>\n<p><span style=\"color: #203a82;\">R\u00e9servoir d\u2019eau propre : 150 ml<\/span><br \/>\n<span style=\"color: #203a82;\">Poids : 300 gr<\/span><\/p>\n<\/div>\n<\/div>\n<div class=\"wpb_text_column wpb_content_element vc_custom_1659020588908\">\n<div class=\"wpb_wrapper\">\n<p><span style=\"color: #203a82;\"><strong>\u2013 100% \u00c9COLOGIQUE<\/strong><\/span><\/p>\n<p><span style=\"color: #203a82;\"><strong>\u2013 100% \u00c9CONOMIQUE<\/strong><\/span><\/p>\n<p><span style=\"color: #203a82;\"><strong>\u2013 Plus aucuns produits chimiques.<\/strong><\/span><\/p>\n<p><span style=\"color: #203a82;\"><strong>\u2013 Plus de danger pour vous, vos enfants et la plan\u00e8te.<\/strong><\/span><\/p>\n<\/div>\n<\/div>\n","protected":false},"featured_media":28963,"template":"","meta":[],"product_cat":[21],"product_tag":[],"class_list":["post-29106","product","type-product","status-publish","has-post-thumbnail","hentry","product_cat-produits"],"_links":{"self":[{"href":"https:\/\/terasan.ch\/de\/wp-json\/wp\/v2\/product\/29106","targetHints":{"allow":["GET"]}}],"collection":[{"href":"https:\/\/terasan.ch\/de\/wp-json\/wp\/v2\/product"}],"about":[{"href":"https:\/\/terasan.ch\/de\/wp-json\/wp\/v2\/types\/product"}],"wp:featuredmedia":[{"embeddable":true,"href":"https:\/\/terasan.ch\/de\/wp-json\/wp\/v2\/media\/28963"}],"wp:attachment":[{"href":"https:\/\/terasan.ch\/de\/wp-json\/wp\/v2\/media?parent=29106"}],"wp:term":[{"taxonomy":"product_cat","embeddable":true,"href":"https:\/\/terasan.ch\/de\/wp-json\/wp\/v2\/product_cat?post=29106"},{"taxonomy":"product_tag","embeddable":true,"href":"https:\/\/terasan.ch\/de\/wp-json\/wp\/v2\/product_tag?post=29106"}],"curies":[{"name":"wp","href":"https:\/\/api.w.org\/{rel}","templated":true}]}}